{"id":1464,"date":"2025-11-21T08:26:17","date_gmt":"2025-11-21T08:26:17","guid":{"rendered":"https:\/\/bucilla-needlecrafts.com\/2025-2"},"modified":"2025-11-25T12:41:54","modified_gmt":"2025-11-25T12:41:54","slug":"2025-2","status":"publish","type":"page","link":"https:\/\/bucilla-needlecrafts.com\/es\/2025-2","title":{"rendered":"2025"},"content":{"rendered":"\n<div class=\"wp-block-stackable-columns alignfull stk-block-columns stk-block stk-893499a stk-block-background stk--has-background-overlay\" data-block-id=\"893499a\"><style>.stk-893499a {background-image:url(https:\/\/bucilla-needlecrafts.com\/wp-content\/uploads\/2025\/11\/bucilla-newsletter-form-bg.jpg) !important;padding-top:230px !important;padding-bottom:150px !important;margin-top:-60px !important;margin-bottom:0px !important;}@media screen and (max-width:999px){.stk-893499a {padding-top:120px !important;padding-bottom:70px !important;}}<\/style><div class=\"stk-row stk-inner-blocks stk-block-content stk-content-align stk-893499a-column\">\n<div class=\"wp-block-stackable-column stk-block-column stk-column stk-block stk-50a4b0e\" data-v=\"4\" data-block-id=\"50a4b0e\"><style>.stk-50a4b0e-container{margin-top:0px !important;margin-right:0px !important;margin-bottom:0px !important;margin-left:0px !important;}<\/style><div class=\"stk-column-wrapper stk-block-column__content stk-container stk-50a4b0e-container stk--no-background stk--no-padding\"><div class=\"stk-block-content stk-inner-blocks stk-50a4b0e-inner-blocks\">\n<div class=\"wp-block-stackable-text stk-block-text stk-block stk-5883b58\" data-block-id=\"5883b58\"><style>.stk-5883b58 {margin-bottom:10px !important;}.stk-5883b58 .stk-block-text__text{font-size:14px !important;color:var(--theme-palette-color-1, #5a8139) !important;font-weight:700 !important;text-transform:uppercase !important;}@media screen and (max-width:999px){.stk-5883b58 .stk-block-text__text{font-size:14px !important;}}<\/style><p class=\"stk-block-text__text has-text-color has-palette-color-1-color has-text-align-center\">2025<\/p><\/div>\n\n\n\n<div class=\"wp-block-stackable-heading stk-block-heading stk-block-heading--v2 stk-block stk-6449bae\" id=\"catalogs\" data-block-id=\"6449bae\"><style>.stk-6449bae {max-width:700px !important;min-width:auto !important;margin-right:auto !important;margin-left:auto !important;}.stk-6449bae .stk-block-heading__text{font-size:70px !important;color:var(--theme-palette-color-8, #ffffff) !important;line-height:1.2em !important;}@media screen and (max-width:999px){.stk-6449bae .stk-block-heading__text{font-size:35px !important;}}<\/style><h2 class=\"stk-block-heading__text has-text-color has-palette-color-8-color has-text-align-center\">Cat\u00e1logos<\/h2><\/div>\n<\/div><\/div><\/div>\n<\/div><\/div>\n\n<div class=\"wp-block-stackable-columns stk-block-columns stk-block stk-b3a20a4\" data-block-id=\"b3a20a4\"><style>.stk-b3a20a4 .stk--block-align-b3a20a4{align-items:stretch !important;}.stk-b3a20a4 {margin-top:100px !important;}.stk-b3a20a4-column{--stk-columns-spacing:var(--stk--preset--spacing--40, 1rem) !important;}<\/style><div class=\"stk-row stk-inner-blocks stk--block-align-b3a20a4 stk-block-content stk-content-align stk-b3a20a4-column\">\n<div class=\"wp-block-stackable-column stk-block-column stk-column stk-block stk-39c79a4\" data-v=\"4\" data-block-id=\"39c79a4\"><style>.stk-39c79a4 {align-self:stretch !important;}.stk-39c79a4-inner-blocks{justify-content:space-between !important;}@media screen and (min-width:690px) and (max-width:999px){.stk-39c79a4 {flex:var(--stk-flex-grow, 1) 1 calc(100% - var(--stk-column-gap, 0px) * 0 \/ 1 ) !important;}}<\/style><div class=\"stk-column-wrapper stk-block-column__content stk-container stk-39c79a4-container stk--no-background stk--no-padding\"><div class=\"has-text-align-center stk--column-flex stk-block-content stk-inner-blocks stk-39c79a4-inner-blocks\">\n<h2 class=\"wp-block-heading\">Cat\u00e1logo de labores de aguja de Bucilla 2025<\/h2>\n\n\n\n<div class=\"wp-block-embedpress-embedpress-pdf alignfull\"><div class=\"embedpress-document-embed ep-doc-embedpress-pdf-1763718879896 ep-percentage-width\" style=\"width:100%;height:600px;max-width:100%\" id=\"ep-doc-undefined\" data-source-id=\"source-undefined\" data-embed-type=\"PDF\"><div class=\"ep-embed-content-wraper\"><div class=\"position-right-wraper gutenberg-pdf-wraper\"><div class=\"main-content-wraper\"><iframe title=\"\" style=\"height:600px;width:100%;max-width:100%\" class=\"embedpress-embed-document-pdf embedpress-pdf-1763718879896\" data-emid=\"embedpress-pdf-1763718879896\" data-viewer-style=\"flip-book\" src=\"https:\/\/bucilla-needlecrafts.com\/wp-content\/plugins\/embedpress\/assets\/pdf-flip-book\/viewer.html?file=https%3A%2F%2Fbucilla-needlecrafts.com%2Fwp-content%2Fuploads%2F2025%2F11%2FBUCILLA-NEEDLECRAFT-CAT-2025_copy.pdf&amp;key=dGhlbWVNb2RlPWRlZmF1bHQmcHJlc2VudGF0aW9uPXRydWUmbGF6eUxvYWQ9ZmFsc2UmcG9zaXRpb249dG9wJmZsaXBib29rX3Rvb2xiYXJfcG9zaXRpb249Ym90dG9tJmRvd25sb2FkPXRydWUmdG9vbGJhcj10cnVlJmNvcHlfdGV4dD10cnVlJmFkZF90ZXh0PXRydWUmZHJhdz1mYWxzZSZkb2NfZGV0YWlscz10cnVlJmRvY19yb3RhdGlvbj10cnVlJmFkZF9pbWFnZT10cnVlJnpvb21faW49dHJ1ZSZ6b29tX291dD10cnVlJmZpdF92aWV3PXRydWUmYm9va21hcms9dHJ1ZSZzZWxlY3Rpb25fdG9vbD0wJnNjcm9sbGluZz0tMSZzcHJlYWRzPTA=\"><\/iframe><\/div><\/div><\/div><\/div><\/div>\n<\/div><\/div><\/div>\n\n\n\n<div class=\"wp-block-stackable-column stk-block-column stk-column stk-block stk-78c4577\" data-v=\"4\" data-block-id=\"78c4577\"><style>.stk-78c4577 {align-self:stretch !important;}.stk-78c4577-inner-blocks{justify-content:space-between !important;}@media screen and (min-width:690px) and (max-width:999px){.stk-78c4577 {flex:var(--stk-flex-grow, 1) 1 calc(100% - var(--stk-column-gap, 0px) * 0 \/ 1 ) !important;}}<\/style><div class=\"stk-column-wrapper stk-block-column__content stk-container stk-78c4577-container stk--no-background stk--no-padding\"><div class=\"has-text-align-center stk--column-flex stk-block-content stk-inner-blocks stk-78c4577-inner-blocks\">\n<h2 class=\"wp-block-heading\">Cat\u00e1logo de temporada de Bucilla 2025<\/h2>\n\n\n\n<div class=\"wp-block-embedpress-embedpress-pdf\"><div class=\"embedpress-document-embed ep-doc-embedpress-pdf-1763719062287 ep-percentage-width\" style=\"width:100%;height:600px;max-width:100%\" id=\"ep-doc-undefined\" data-source-id=\"source-undefined\" data-embed-type=\"PDF\"><div class=\"ep-embed-content-wraper\"><div class=\"position-right-wraper gutenberg-pdf-wraper\"><div class=\"main-content-wraper\"><iframe title=\"\" style=\"height:600px;width:100%;max-width:100%\" class=\"embedpress-embed-document-pdf embedpress-pdf-1763719062287\" data-emid=\"embedpress-pdf-1763719062287\" data-viewer-style=\"flip-book\" src=\"https:\/\/bucilla-needlecrafts.com\/wp-content\/plugins\/embedpress\/assets\/pdf-flip-book\/viewer.html?file=https%3A%2F%2Fbucilla-needlecrafts.com%2Fwp-content%2Fuploads%2F2025%2F11%2FBucilla-Seasonal-Cat-UPDATE_2025_041025.pdf&amp;key=dGhlbWVNb2RlPWRlZmF1bHQmcHJlc2VudGF0aW9uPXRydWUmbGF6eUxvYWQ9ZmFsc2UmcG9zaXRpb249dG9wJmZsaXBib29rX3Rvb2xiYXJfcG9zaXRpb249Ym90dG9tJmRvd25sb2FkPXRydWUmdG9vbGJhcj10cnVlJmNvcHlfdGV4dD10cnVlJmFkZF90ZXh0PXRydWUmZHJhdz1mYWxzZSZkb2NfZGV0YWlscz10cnVlJmRvY19yb3RhdGlvbj10cnVlJmFkZF9pbWFnZT10cnVlJnpvb21faW49dHJ1ZSZ6b29tX291dD10cnVlJmZpdF92aWV3PXRydWUmYm9va21hcms9dHJ1ZSZzZWxlY3Rpb25fdG9vbD0wJnNjcm9sbGluZz0tMSZzcHJlYWRzPTA=\"><\/iframe><\/div><\/div><\/div><\/div><\/div>\n<\/div><\/div><\/div>\n<\/div><\/div>\n","protected":false},"excerpt":{"rendered":"<p>2025 Cat\u00e1logos Cat\u00e1logo de labores de aguja de Bucilla 2025 Cat\u00e1logo de temporada de Bucilla 2025<\/p>\n","protected":false},"author":2,"featured_media":0,"parent":0,"menu_order":0,"comment_status":"closed","ping_status":"closed","template":"","meta":{"footnotes":""},"class_list":["post-1464","page","type-page","status-publish","hentry"],"blocksy_meta":[],"_links":{"self":[{"href":"https:\/\/bucilla-needlecrafts.com\/es\/wp-json\/wp\/v2\/pages\/1464","targetHints":{"allow":["GET"]}}],"collection":[{"href":"https:\/\/bucilla-needlecrafts.com\/es\/wp-json\/wp\/v2\/pages"}],"about":[{"href":"https:\/\/bucilla-needlecrafts.com\/es\/wp-json\/wp\/v2\/types\/page"}],"author":[{"embeddable":true,"href":"https:\/\/bucilla-needlecrafts.com\/es\/wp-json\/wp\/v2\/users\/2"}],"replies":[{"embeddable":true,"href":"https:\/\/bucilla-needlecrafts.com\/es\/wp-json\/wp\/v2\/comments?post=1464"}],"version-history":[{"count":1,"href":"https:\/\/bucilla-needlecrafts.com\/es\/wp-json\/wp\/v2\/pages\/1464\/revisions"}],"predecessor-version":[{"id":1465,"href":"https:\/\/bucilla-needlecrafts.com\/es\/wp-json\/wp\/v2\/pages\/1464\/revisions\/1465"}],"wp:attachment":[{"href":"https:\/\/bucilla-needlecrafts.com\/es\/wp-json\/wp\/v2\/media?parent=1464"}],"curies":[{"name":"wp","href":"https:\/\/api.w.org\/{rel}","templated":true}]}}